{"id":914,"date":"2025-03-03T13:10:17","date_gmt":"2025-03-03T12:10:17","guid":{"rendered":"https:\/\/equipamientoshrc.com\/tienda\/?post_type=product&#038;p=914"},"modified":"2025-03-03T13:10:17","modified_gmt":"2025-03-03T12:10:17","slug":"3824211-dosificador-de-jabon-apto-para-gel-hidroalcoholico-abs-plata","status":"publish","type":"product","link":"https:\/\/equipamientoshrc.com\/tienda\/3824211-dosificador-de-jabon-apto-para-gel-hidroalcoholico-abs-plata\/","title":{"rendered":"3824211 &#8211; DOSIFICADOR DE JAB\u00d3N APTO PARA GEL HIDROALCOH\u00d3LICO ABS PLATA"},"content":{"rendered":"<p>&nbsp;<\/p>\n<p>&nbsp;<\/p>\n<p>&nbsp;<\/p>\n","protected":false},"excerpt":{"rendered":"<ul>\n<li>Dosificador de jab\u00f3n apto para gel hidroalcoh\u00f3lico de pl\u00e1scito ABS en color plata \u00abefecto inox.\u00bb<\/li>\n<li>Capacidad: 1,1 Litros<\/li>\n<li>Medidas: 225 x 130 x 95 mm<\/li>\n<\/ul>\n","protected":false},"featured_media":923,"comment_status":"open","ping_status":"closed","template":"","meta":{"_et_pb_use_builder":"","_et_pb_old_content":"","_et_gb_content_width":""},"product_cat":[21,64],"product_tag":[],"class_list":{"0":"post-914","1":"product","2":"type-product","3":"status-publish","4":"has-post-thumbnail","6":"product_cat-accesorios-colectivos","7":"product_cat-dosificadores-jabon","9":"first","10":"instock","11":"taxable","12":"shipping-taxable","13":"product-type-simple"},"_links":{"self":[{"href":"https:\/\/equipamientoshrc.com\/tienda\/wp-json\/wp\/v2\/product\/914","targetHints":{"allow":["GET"]}}],"collection":[{"href":"https:\/\/equipamientoshrc.com\/tienda\/wp-json\/wp\/v2\/product"}],"about":[{"href":"https:\/\/equipamientoshrc.com\/tienda\/wp-json\/wp\/v2\/types\/product"}],"replies":[{"embeddable":true,"href":"https:\/\/equipamientoshrc.com\/tienda\/wp-json\/wp\/v2\/comments?post=914"}],"wp:featuredmedia":[{"embeddable":true,"href":"https:\/\/equipamientoshrc.com\/tienda\/wp-json\/wp\/v2\/media\/923"}],"wp:attachment":[{"href":"https:\/\/equipamientoshrc.com\/tienda\/wp-json\/wp\/v2\/media?parent=914"}],"wp:term":[{"taxonomy":"product_cat","embeddable":true,"href":"https:\/\/equipamientoshrc.com\/tienda\/wp-json\/wp\/v2\/product_cat?post=914"},{"taxonomy":"product_tag","embeddable":true,"href":"https:\/\/equipamientoshrc.com\/tienda\/wp-json\/wp\/v2\/product_tag?post=914"}],"curies":[{"name":"wp","href":"https:\/\/api.w.org\/{rel}","templated":true}]}}