{"id":881,"date":"2025-03-03T13:21:18","date_gmt":"2025-03-03T12:21:18","guid":{"rendered":"https:\/\/equipamientoshrc.com\/tienda\/?post_type=product&#038;p=881"},"modified":"2025-03-03T13:21:18","modified_gmt":"2025-03-03T12:21:18","slug":"sd99-009-dispensador-electronico-de-jabon-con-ajuste-de-4-cantidades-diferentes","status":"publish","type":"product","link":"https:\/\/equipamientoshrc.com\/tienda\/sd99-009-dispensador-electronico-de-jabon-con-ajuste-de-4-cantidades-diferentes\/","title":{"rendered":"SD99-009 &#8211; DISPENSADOR ELECTR\u00d3NICO DE JAB\u00d3N CON AJUSTE DE 4 CANTIDADES DIFERENTES"},"content":{"rendered":"<p>&nbsp;<\/p>\n<p>&nbsp;<\/p>\n<p>&nbsp;<\/p>\n","protected":false},"excerpt":{"rendered":"<ul>\n<li>Dispensador electr\u00f3nico de jab\u00f3n con ajuste de 4 cantidades diferentes<\/li>\n<li>Carcasa met\u00e1lica en lat\u00f3n cromado de alto brillo con dep\u00f3sito para jab\u00f3n liquido<\/li>\n<li>Contiene adaptador de red de 230 V CA<\/li>\n<\/ul>\n","protected":false},"featured_media":0,"comment_status":"open","ping_status":"closed","template":"","meta":{"_et_pb_use_builder":"","_et_pb_old_content":"","_et_gb_content_width":""},"product_cat":[21,64],"product_tag":[],"class_list":{"0":"post-881","1":"product","2":"type-product","3":"status-publish","5":"product_cat-accesorios-colectivos","6":"product_cat-dosificadores-jabon","8":"first","9":"instock","10":"taxable","11":"shipping-taxable","12":"product-type-simple"},"_links":{"self":[{"href":"https:\/\/equipamientoshrc.com\/tienda\/wp-json\/wp\/v2\/product\/881","targetHints":{"allow":["GET"]}}],"collection":[{"href":"https:\/\/equipamientoshrc.com\/tienda\/wp-json\/wp\/v2\/product"}],"about":[{"href":"https:\/\/equipamientoshrc.com\/tienda\/wp-json\/wp\/v2\/types\/product"}],"replies":[{"embeddable":true,"href":"https:\/\/equipamientoshrc.com\/tienda\/wp-json\/wp\/v2\/comments?post=881"}],"wp:attachment":[{"href":"https:\/\/equipamientoshrc.com\/tienda\/wp-json\/wp\/v2\/media?parent=881"}],"wp:term":[{"taxonomy":"product_cat","embeddable":true,"href":"https:\/\/equipamientoshrc.com\/tienda\/wp-json\/wp\/v2\/product_cat?post=881"},{"taxonomy":"product_tag","embeddable":true,"href":"https:\/\/equipamientoshrc.com\/tienda\/wp-json\/wp\/v2\/product_tag?post=881"}],"curies":[{"name":"wp","href":"https:\/\/api.w.org\/{rel}","templated":true}]}}