{"id":871,"date":"2025-03-03T13:20:26","date_gmt":"2025-03-03T12:20:26","guid":{"rendered":"https:\/\/equipamientoshrc.com\/tienda\/?post_type=product&#038;p=871"},"modified":"2025-03-03T13:20:26","modified_gmt":"2025-03-03T12:20:26","slug":"je8090lpb-dosificador-de-jabon-automatico-con-deposito-rellenable-de-1-l","status":"publish","type":"product","link":"https:\/\/equipamientoshrc.com\/tienda\/je8090lpb-dosificador-de-jabon-automatico-con-deposito-rellenable-de-1-l\/","title":{"rendered":"JE8090LPB DOSIFICADOR DE JAB\u00d3N AUTOM\u00c1TICO CON DEP\u00d3SITO RELLENABLE DE 1 L"},"content":{"rendered":"<p>&nbsp;<\/p>\n<p>&nbsp;<\/p>\n<p>&nbsp;<\/p>\n","protected":false},"excerpt":{"rendered":"<ul>\n<li>Fabricado en ABS con aditivo antiest\u00e1tico blanco<\/li>\n<li>Para uso de gel liquido y gel hidroalcoh\u00f3lico<\/li>\n<li>Medidas: 125 x 247 x 117<\/li>\n<\/ul>\n","protected":false},"featured_media":872,"comment_status":"open","ping_status":"closed","template":"","meta":{"_et_pb_use_builder":"","_et_pb_old_content":"","_et_gb_content_width":""},"product_cat":[21,64],"product_tag":[],"class_list":{"0":"post-871","1":"product","2":"type-product","3":"status-publish","4":"has-post-thumbnail","6":"product_cat-accesorios-colectivos","7":"product_cat-dosificadores-jabon","9":"first","10":"instock","11":"taxable","12":"shipping-taxable","13":"product-type-simple"},"_links":{"self":[{"href":"https:\/\/equipamientoshrc.com\/tienda\/wp-json\/wp\/v2\/product\/871","targetHints":{"allow":["GET"]}}],"collection":[{"href":"https:\/\/equipamientoshrc.com\/tienda\/wp-json\/wp\/v2\/product"}],"about":[{"href":"https:\/\/equipamientoshrc.com\/tienda\/wp-json\/wp\/v2\/types\/product"}],"replies":[{"embeddable":true,"href":"https:\/\/equipamientoshrc.com\/tienda\/wp-json\/wp\/v2\/comments?post=871"}],"wp:featuredmedia":[{"embeddable":true,"href":"https:\/\/equipamientoshrc.com\/tienda\/wp-json\/wp\/v2\/media\/872"}],"wp:attachment":[{"href":"https:\/\/equipamientoshrc.com\/tienda\/wp-json\/wp\/v2\/media?parent=871"}],"wp:term":[{"taxonomy":"product_cat","embeddable":true,"href":"https:\/\/equipamientoshrc.com\/tienda\/wp-json\/wp\/v2\/product_cat?post=871"},{"taxonomy":"product_tag","embeddable":true,"href":"https:\/\/equipamientoshrc.com\/tienda\/wp-json\/wp\/v2\/product_tag?post=871"}],"curies":[{"name":"wp","href":"https:\/\/api.w.org\/{rel}","templated":true}]}}