{"id":365,"date":"2023-11-29T12:14:28","date_gmt":"2023-11-29T11:14:28","guid":{"rendered":"https:\/\/equipamientoshrc.com\/tienda\/?post_type=product&#038;p=365"},"modified":"2023-11-29T12:14:28","modified_gmt":"2023-11-29T11:14:28","slug":"grifo-mezclador-electronico-para-lavabo-con-purgado-automatico-periodico-antibactriano-serie-tempomatic-mix-4","status":"publish","type":"product","link":"https:\/\/equipamientoshrc.com\/tienda\/grifo-mezclador-electronico-para-lavabo-con-purgado-automatico-periodico-antibactriano-serie-tempomatic-mix-4\/","title":{"rendered":"Grifo mezclador electr\u00f3nico para lavabo con purgado autom\u00e1tico periodico antibactriano serie TEMPOMATIC MIX 4"},"content":{"rendered":"<p>490101 &#8211; Grifo mezclador electr\u00f3nico para lavabo con purgado autom\u00e1tico periodico antibactriano serie TEMPOMATIC MIX 4<\/p>\n<p>Grifo mezclador electr\u00f3nico de repisa para lavabo:<br \/>\nAlimentaci\u00f3n a red 230\/6 V con transformador visto.<br \/>\nElectrov\u00e1lvula antiestancamiento y m\u00f3dulo electr\u00f3nico<br \/>\nintegrados en el cuerpo del grifo.<br \/>\nCaudal preajustado a 3 l\/min a 3 bar, ajustable entre 1,5<br \/>\ny 6 l\/min.<br \/>\nRompechorros antical.<br \/>\nDescarga peri\u00f3dica (purga de aproximadamente 60<br \/>\nsegundos cada 24 horas despu\u00e9s del \u00faltimo uso).<br \/>\nDetecci\u00f3n de presencia mediante infrarrojo activo<br \/>\noptimizada gracias a su ubicaci\u00f3n en el extremo del ca\u00f1o.<br \/>\nCuerpo de lat\u00f3n macizo cromado.<br \/>\nTapa bloqueada mediante 2 tornillos ocultos.<br \/>\nLatiguillos flexibles de PEX con rosca de 3\/8&#8243; con filtros y<br \/>\nv\u00e1lvulas antirretorno.<br \/>\nFijaci\u00f3n reforzada mediante 2 varillas de acero<br \/>\ninoxidable.<br \/>\nSeguridad antiblocaje del flujo continuo.<br \/>\nAjuste lateral de la temperatura con limitador de<br \/>\ntemperatura est\u00e1ndar ajustable.<br \/>\nAdaptado para PMR.<br \/>\nGarant\u00eda 10 a\u00f1os.<\/p>\n<p>Cuerpo de lat\u00f3n macizo cromado.<br \/>\nAlimentaci\u00f3n a red 230\/6 V con transformador visto<br \/>\naltura chorro 75mm<\/p>\n","protected":false},"excerpt":{"rendered":"<p>490101 &#8211; Grifo mezclador electr\u00f3nico para lavabo con purgado autom\u00e1tico periodico antibactriano serie TEMPOMATIC MIX 4<\/p>\n<p>Grifo mezclador electr\u00f3nico de repisa para lavabo:<br \/>\nAlimentaci\u00f3n a red 230\/6 V con transformador visto.<br \/>\nElectrov\u00e1lvula antiestancamiento y m\u00f3dulo electr\u00f3nico<br \/>\nintegrados en el cuerpo del grifo.<br \/>\nCaudal preajustado a 3 l\/min a 3 bar, ajustable entre 1,5<br \/>\ny 6 l\/min.<br \/>\nRompechorros antical.<br \/>\nDescarga peri\u00f3dica (purga de aproximadamente 60<br \/>\nsegundos cada 24 horas despu\u00e9s del \u00faltimo uso).<br \/>\nDetecci\u00f3n de presencia mediante infrarrojo activo<br \/>\noptimizada gracias a su ubicaci\u00f3n en el extremo del ca\u00f1o.<br \/>\nCuerpo de lat\u00f3n macizo cromado.<br \/>\nTapa bloqueada mediante 2 tornillos ocultos.<br \/>\nLatiguillos flexibles de PEX con rosca de 3\/8&#8243; con filtros y<br \/>\nv\u00e1lvulas antirretorno.<br \/>\nFijaci\u00f3n reforzada mediante 2 varillas de acero<br \/>\ninoxidable.<br \/>\nSeguridad antiblocaje del flujo continuo.<br \/>\nAjuste lateral de la temperatura con limitador de<br \/>\ntemperatura est\u00e1ndar ajustable.<br \/>\nAdaptado para PMR.<br \/>\nGarant\u00eda 10 a\u00f1os.<\/p>\n<p>Cuerpo de lat\u00f3n macizo cromado.<br \/>\nAlimentaci\u00f3n a red 230\/6 V con transformador visto<br \/>\naltura chorro 75mm<\/p>\n","protected":false},"featured_media":366,"comment_status":"open","ping_status":"closed","template":"","meta":{"_et_pb_use_builder":"","_et_pb_old_content":"","_et_gb_content_width":""},"product_cat":[19,33],"product_tag":[],"class_list":{"0":"post-365","1":"product","2":"type-product","3":"status-publish","4":"has-post-thumbnail","6":"product_cat-griferia","7":"product_cat-grifos-electricos","9":"first","10":"instock","11":"taxable","12":"shipping-taxable","13":"purchasable","14":"product-type-simple"},"_links":{"self":[{"href":"https:\/\/equipamientoshrc.com\/tienda\/wp-json\/wp\/v2\/product\/365","targetHints":{"allow":["GET"]}}],"collection":[{"href":"https:\/\/equipamientoshrc.com\/tienda\/wp-json\/wp\/v2\/product"}],"about":[{"href":"https:\/\/equipamientoshrc.com\/tienda\/wp-json\/wp\/v2\/types\/product"}],"replies":[{"embeddable":true,"href":"https:\/\/equipamientoshrc.com\/tienda\/wp-json\/wp\/v2\/comments?post=365"}],"wp:featuredmedia":[{"embeddable":true,"href":"https:\/\/equipamientoshrc.com\/tienda\/wp-json\/wp\/v2\/media\/366"}],"wp:attachment":[{"href":"https:\/\/equipamientoshrc.com\/tienda\/wp-json\/wp\/v2\/media?parent=365"}],"wp:term":[{"taxonomy":"product_cat","embeddable":true,"href":"https:\/\/equipamientoshrc.com\/tienda\/wp-json\/wp\/v2\/product_cat?post=365"},{"taxonomy":"product_tag","embeddable":true,"href":"https:\/\/equipamientoshrc.com\/tienda\/wp-json\/wp\/v2\/product_tag?post=365"}],"curies":[{"name":"wp","href":"https:\/\/api.w.org\/{rel}","templated":true}]}}