{"id":359,"date":"2023-11-29T12:08:23","date_gmt":"2023-11-29T11:08:23","guid":{"rendered":"https:\/\/equipamientoshrc.com\/tienda\/?post_type=product&#038;p=359"},"modified":"2023-11-29T12:08:23","modified_gmt":"2023-11-29T11:08:23","slug":"grifo-mezclador-electronico-para-lavabo-tempomatic-mix-5-conexion-red","status":"publish","type":"product","link":"https:\/\/equipamientoshrc.com\/tienda\/grifo-mezclador-electronico-para-lavabo-tempomatic-mix-5-conexion-red\/","title":{"rendered":"Grifo mezclador electr\u00f3nico para lavabo TEMPOMATIC MIX 5 conexi\u00f3n red"},"content":{"rendered":"<p>499100 &#8211; Grifo mezclador electr\u00f3nico para lavabo TEMPOMATIC MIX 5 conexi\u00f3n red<\/p>\n<p>Grifo mezclador electr\u00f3nico de repisa para lavabo:<br \/>\nAlimentaci\u00f3n a red 230\/6 V con transformador visto \/<br \/>\nempotrado.<br \/>\nElectrov\u00e1lvula antiestancamiento y m\u00f3dulo electr\u00f3nico<br \/>\nintegrados en el cuerpo del grifo.<br \/>\nCaudal preajustado a 3 l\/min a 3 bar, ajustable entre 1,4<br \/>\ny 6 l\/min.<br \/>\nRompechorros antical.<br \/>\nDescarga peri\u00f3dica (purga de aproximadamente 60<br \/>\nsegundos cada 24 horas despu\u00e9s del \u00faltimo uso).<br \/>\nDetecci\u00f3n de presencia mediante infrarrojo activo<br \/>\noptimizada gracias a su ubicaci\u00f3n en el extremo del ca\u00f1o.<br \/>\nCuerpo de metal cromado.<br \/>\nLatiguillos flexibles de PEX con rosca de 3\/8&#8243; con filtros y<br \/>\nv\u00e1lvulas antirretorno.<br \/>\nFijaci\u00f3n reforzada mediante 2 varillas de acero<br \/>\ninoxidable.<br \/>\nSeguridad antiblocaje del flujo continuo.<br \/>\nAjuste lateral de la temperatura con palanca est\u00e1ndar y<br \/>\nlimitador de temperatura ajustable.<br \/>\nAdaptado para PMR.<br \/>\nGarant\u00eda 10 a\u00f1os.<\/p>\n<p>Lat\u00f3n Cromado<br \/>\ntransformador visto o empotrado.<br \/>\nAltura 74 mm \/ Longitud del ca\u00f1o 105 mm<\/p>\n","protected":false},"excerpt":{"rendered":"<p>499100 &#8211; Grifo mezclador electr\u00f3nico para lavabo TEMPOMATIC MIX 5 conexi\u00f3n red<\/p>\n<p>Grifo mezclador electr\u00f3nico de repisa para lavabo:<br \/>\nAlimentaci\u00f3n a red 230\/6 V con transformador visto \/<br \/>\nempotrado.<br \/>\nElectrov\u00e1lvula antiestancamiento y m\u00f3dulo electr\u00f3nico<br \/>\nintegrados en el cuerpo del grifo.<br \/>\nCaudal preajustado a 3 l\/min a 3 bar, ajustable entre 1,4<br \/>\ny 6 l\/min.<br \/>\nRompechorros antical.<br \/>\nDescarga peri\u00f3dica (purga de aproximadamente 60<br \/>\nsegundos cada 24 horas despu\u00e9s del \u00faltimo uso).<br \/>\nDetecci\u00f3n de presencia mediante infrarrojo activo<br \/>\noptimizada gracias a su ubicaci\u00f3n en el extremo del ca\u00f1o.<br \/>\nCuerpo de metal cromado.<br \/>\nLatiguillos flexibles de PEX con rosca de 3\/8&#8243; con filtros y<br \/>\nv\u00e1lvulas antirretorno.<br \/>\nFijaci\u00f3n reforzada mediante 2 varillas de acero<br \/>\ninoxidable.<br \/>\nSeguridad antiblocaje del flujo continuo.<br \/>\nAjuste lateral de la temperatura con palanca est\u00e1ndar y<br \/>\nlimitador de temperatura ajustable.<br \/>\nAdaptado para PMR.<br \/>\nGarant\u00eda 10 a\u00f1os.<\/p>\n<p>Lat\u00f3n Cromado<br \/>\ntransformador visto o empotrado.<br \/>\nAltura 74 mm \/ Longitud del ca\u00f1o 105 mm<\/p>\n","protected":false},"featured_media":360,"comment_status":"open","ping_status":"closed","template":"","meta":{"_et_pb_use_builder":"","_et_pb_old_content":"","_et_gb_content_width":""},"product_cat":[19,33],"product_tag":[],"class_list":{"0":"post-359","1":"product","2":"type-product","3":"status-publish","4":"has-post-thumbnail","6":"product_cat-griferia","7":"product_cat-grifos-electricos","9":"first","10":"instock","11":"taxable","12":"shipping-taxable","13":"purchasable","14":"product-type-simple"},"_links":{"self":[{"href":"https:\/\/equipamientoshrc.com\/tienda\/wp-json\/wp\/v2\/product\/359","targetHints":{"allow":["GET"]}}],"collection":[{"href":"https:\/\/equipamientoshrc.com\/tienda\/wp-json\/wp\/v2\/product"}],"about":[{"href":"https:\/\/equipamientoshrc.com\/tienda\/wp-json\/wp\/v2\/types\/product"}],"replies":[{"embeddable":true,"href":"https:\/\/equipamientoshrc.com\/tienda\/wp-json\/wp\/v2\/comments?post=359"}],"wp:featuredmedia":[{"embeddable":true,"href":"https:\/\/equipamientoshrc.com\/tienda\/wp-json\/wp\/v2\/media\/360"}],"wp:attachment":[{"href":"https:\/\/equipamientoshrc.com\/tienda\/wp-json\/wp\/v2\/media?parent=359"}],"wp:term":[{"taxonomy":"product_cat","embeddable":true,"href":"https:\/\/equipamientoshrc.com\/tienda\/wp-json\/wp\/v2\/product_cat?post=359"},{"taxonomy":"product_tag","embeddable":true,"href":"https:\/\/equipamientoshrc.com\/tienda\/wp-json\/wp\/v2\/product_tag?post=359"}],"curies":[{"name":"wp","href":"https:\/\/api.w.org\/{rel}","templated":true}]}}