{"id":285,"date":"2023-11-29T10:25:22","date_gmt":"2023-11-29T09:25:22","guid":{"rendered":"https:\/\/equipamientoshrc.com\/tienda\/?post_type=product&#038;p=285"},"modified":"2023-11-29T10:25:22","modified_gmt":"2023-11-29T09:25:22","slug":"dosificador-de-jabon-automatico-hands-free-con-deposito-rellenable-de-1l","status":"publish","type":"product","link":"https:\/\/equipamientoshrc.com\/tienda\/dosificador-de-jabon-automatico-hands-free-con-deposito-rellenable-de-1l\/","title":{"rendered":"DOSIFICADOR DE JAB\u00d3N AUTOM\u00c1TICO (HANDS FREE) CON DEP\u00d3SITO  RELLENABLE DE 1L"},"content":{"rendered":"<p>JE8090LPB &#8211; DOSIFICADOR DE JAB\u00d3N AUTOM\u00c1TICO (HANDS FREE) CON DEP\u00d3SITO RELLENABLE DE 1L<\/p>\n<p>FABRICADO EN \u00abABS\u00bb CON ADITIVO ANTIES<\/p>\n<p>BLANCO<\/p>\n<p>125x247x117<\/p>\n<p>PARA USO DE GEL L\u00cdQUIDO Y GEL HIDROALCOH\u00d3LICO<\/p>\n","protected":false},"excerpt":{"rendered":"<p>JE8090LPB &#8211; DOSIFICADOR DE JAB\u00d3N AUTOM\u00c1TICO (HANDS FREE) CON DEP\u00d3SITO RELLENABLE DE 1L<\/p>\n<p>FABRICADO EN \u00abABS\u00bb CON ADITIVO ANTIES<\/p>\n<p>BLANCO<\/p>\n<p>125x247x117<\/p>\n<p>PARA USO DE GEL L\u00cdQUIDO Y GEL HIDROALCOH\u00d3LICO<\/p>\n","protected":false},"featured_media":286,"comment_status":"open","ping_status":"closed","template":"","meta":{"_et_pb_use_builder":"","_et_pb_old_content":"","_et_gb_content_width":""},"product_cat":[21,64],"product_tag":[],"class_list":{"0":"post-285","1":"product","2":"type-product","3":"status-publish","4":"has-post-thumbnail","6":"product_cat-accesorios-colectivos","7":"product_cat-dosificadores-jabon","9":"first","10":"instock","11":"taxable","12":"shipping-taxable","13":"purchasable","14":"product-type-simple"},"_links":{"self":[{"href":"https:\/\/equipamientoshrc.com\/tienda\/wp-json\/wp\/v2\/product\/285","targetHints":{"allow":["GET"]}}],"collection":[{"href":"https:\/\/equipamientoshrc.com\/tienda\/wp-json\/wp\/v2\/product"}],"about":[{"href":"https:\/\/equipamientoshrc.com\/tienda\/wp-json\/wp\/v2\/types\/product"}],"replies":[{"embeddable":true,"href":"https:\/\/equipamientoshrc.com\/tienda\/wp-json\/wp\/v2\/comments?post=285"}],"wp:featuredmedia":[{"embeddable":true,"href":"https:\/\/equipamientoshrc.com\/tienda\/wp-json\/wp\/v2\/media\/286"}],"wp:attachment":[{"href":"https:\/\/equipamientoshrc.com\/tienda\/wp-json\/wp\/v2\/media?parent=285"}],"wp:term":[{"taxonomy":"product_cat","embeddable":true,"href":"https:\/\/equipamientoshrc.com\/tienda\/wp-json\/wp\/v2\/product_cat?post=285"},{"taxonomy":"product_tag","embeddable":true,"href":"https:\/\/equipamientoshrc.com\/tienda\/wp-json\/wp\/v2\/product_tag?post=285"}],"curies":[{"name":"wp","href":"https:\/\/api.w.org\/{rel}","templated":true}]}}