{"id":277,"date":"2023-11-29T10:16:31","date_gmt":"2023-11-29T09:16:31","guid":{"rendered":"https:\/\/equipamientoshrc.com\/tienda\/?post_type=product&#038;p=277"},"modified":"2023-11-29T10:17:23","modified_gmt":"2023-11-29T09:17:23","slug":"dosificador-jabon-horizontal-hrc-deposito-interior-polietileno-inox-sat","status":"publish","type":"product","link":"https:\/\/equipamientoshrc.com\/tienda\/dosificador-jabon-horizontal-hrc-deposito-interior-polietileno-inox-sat\/","title":{"rendered":"DOSIFICADOR JAB\u00d3N HORIZONTAL HRC. DEP\u00d3SITO INTERIOR POLIETILENO. INOX  SAT"},"content":{"rendered":"<p>3721901E &#8211; DOSIFICADOR JAB\u00d3N HORIZONTAL HRC. DEP\u00d3SITO INTERIOR POLIETILENO. INOX SAT<\/p>\n<p>ACERO INOX. AISI 304<\/p>\n<p>SATINADO<\/p>\n<p>200 X 130 X 115 MM. (Ancho,fondo,alto)<\/p>\n<p>1 LITRO<\/p>\n","protected":false},"excerpt":{"rendered":"<p>3721901E &#8211; DOSIFICADOR JAB\u00d3N HORIZONTAL HRC. DEP\u00d3SITO INTERIOR POLIETILENO. INOX SAT<\/p>\n<p>ACERO INOX. AISI 304<\/p>\n<p>SATINADO<\/p>\n<p>200 X 130 X 115 MM. (Ancho,fondo,alto)<\/p>\n<p>1 LITRO<\/p>\n","protected":false},"featured_media":279,"comment_status":"open","ping_status":"closed","template":"","meta":{"_et_pb_use_builder":"","_et_pb_old_content":"","_et_gb_content_width":""},"product_cat":[21,64],"product_tag":[],"class_list":{"0":"post-277","1":"product","2":"type-product","3":"status-publish","4":"has-post-thumbnail","6":"product_cat-accesorios-colectivos","7":"product_cat-dosificadores-jabon","9":"first","10":"instock","11":"taxable","12":"shipping-taxable","13":"purchasable","14":"product-type-simple"},"_links":{"self":[{"href":"https:\/\/equipamientoshrc.com\/tienda\/wp-json\/wp\/v2\/product\/277","targetHints":{"allow":["GET"]}}],"collection":[{"href":"https:\/\/equipamientoshrc.com\/tienda\/wp-json\/wp\/v2\/product"}],"about":[{"href":"https:\/\/equipamientoshrc.com\/tienda\/wp-json\/wp\/v2\/types\/product"}],"replies":[{"embeddable":true,"href":"https:\/\/equipamientoshrc.com\/tienda\/wp-json\/wp\/v2\/comments?post=277"}],"wp:featuredmedia":[{"embeddable":true,"href":"https:\/\/equipamientoshrc.com\/tienda\/wp-json\/wp\/v2\/media\/279"}],"wp:attachment":[{"href":"https:\/\/equipamientoshrc.com\/tienda\/wp-json\/wp\/v2\/media?parent=277"}],"wp:term":[{"taxonomy":"product_cat","embeddable":true,"href":"https:\/\/equipamientoshrc.com\/tienda\/wp-json\/wp\/v2\/product_cat?post=277"},{"taxonomy":"product_tag","embeddable":true,"href":"https:\/\/equipamientoshrc.com\/tienda\/wp-json\/wp\/v2\/product_tag?post=277"}],"curies":[{"name":"wp","href":"https:\/\/api.w.org\/{rel}","templated":true}]}}