{"id":275,"date":"2023-11-29T10:14:45","date_gmt":"2023-11-29T09:14:45","guid":{"rendered":"https:\/\/equipamientoshrc.com\/tienda\/?post_type=product&#038;p=275"},"modified":"2023-11-29T10:14:45","modified_gmt":"2023-11-29T09:14:45","slug":"dosificador-jabon-vertical-hrc-deposito-interior-polietileno-inox-brillo-2","status":"publish","type":"product","link":"https:\/\/equipamientoshrc.com\/tienda\/dosificador-jabon-vertical-hrc-deposito-interior-polietileno-inox-brillo-2\/","title":{"rendered":"DOSIFICADOR JAB\u00d3N VERTICAL HRC. DEP\u00d3SITO INTERIOR POLIETILENO. INOX.  BRILLO"},"content":{"rendered":"<p>3621801E &#8211; DOSIFICADOR JAB\u00d3N VERTICAL HRC. DEP\u00d3SITO INTERIOR POLIETILENO. INOX. BRILLO<\/p>\n<p>ACERO INOX. AISI 304.<\/p>\n<p>BRILLO<\/p>\n<p>125 x 130 X 220 MM. (Ancho,fondo,alto)<\/p>\n<p>1 LITRO<\/p>\n","protected":false},"excerpt":{"rendered":"<p>3621801E &#8211; DOSIFICADOR JAB\u00d3N VERTICAL HRC. DEP\u00d3SITO INTERIOR POLIETILENO. INOX. BRILLO<\/p>\n<p>ACERO INOX. AISI 304.<\/p>\n<p>BRILLO<\/p>\n<p>125 x 130 X 220 MM. (Ancho,fondo,alto)<\/p>\n<p>1 LITRO<\/p>\n","protected":false},"featured_media":276,"comment_status":"open","ping_status":"closed","template":"","meta":{"_et_pb_use_builder":"","_et_pb_old_content":"","_et_gb_content_width":""},"product_cat":[64,21],"product_tag":[],"class_list":{"0":"post-275","1":"product","2":"type-product","3":"status-publish","4":"has-post-thumbnail","6":"product_cat-dosificadores-jabon","7":"product_cat-accesorios-colectivos","9":"first","10":"instock","11":"taxable","12":"shipping-taxable","13":"purchasable","14":"product-type-simple"},"_links":{"self":[{"href":"https:\/\/equipamientoshrc.com\/tienda\/wp-json\/wp\/v2\/product\/275","targetHints":{"allow":["GET"]}}],"collection":[{"href":"https:\/\/equipamientoshrc.com\/tienda\/wp-json\/wp\/v2\/product"}],"about":[{"href":"https:\/\/equipamientoshrc.com\/tienda\/wp-json\/wp\/v2\/types\/product"}],"replies":[{"embeddable":true,"href":"https:\/\/equipamientoshrc.com\/tienda\/wp-json\/wp\/v2\/comments?post=275"}],"wp:featuredmedia":[{"embeddable":true,"href":"https:\/\/equipamientoshrc.com\/tienda\/wp-json\/wp\/v2\/media\/276"}],"wp:attachment":[{"href":"https:\/\/equipamientoshrc.com\/tienda\/wp-json\/wp\/v2\/media?parent=275"}],"wp:term":[{"taxonomy":"product_cat","embeddable":true,"href":"https:\/\/equipamientoshrc.com\/tienda\/wp-json\/wp\/v2\/product_cat?post=275"},{"taxonomy":"product_tag","embeddable":true,"href":"https:\/\/equipamientoshrc.com\/tienda\/wp-json\/wp\/v2\/product_tag?post=275"}],"curies":[{"name":"wp","href":"https:\/\/api.w.org\/{rel}","templated":true}]}}