{"id":270,"date":"2023-11-29T10:04:26","date_gmt":"2023-11-29T09:04:26","guid":{"rendered":"https:\/\/equipamientoshrc.com\/tienda\/?post_type=product&#038;p=270"},"modified":"2023-11-29T10:12:07","modified_gmt":"2023-11-29T09:12:07","slug":"dosificador-de-jabon-apto-para-gel-hibroalcoholico-abs-plata-plastico-abs-plata-efecto-inox-225-x-130-x-95-mm-3824211-material-acabado-medidas-caracteristicas-0-2820-e-cantidad-preci","status":"publish","type":"product","link":"https:\/\/equipamientoshrc.com\/tienda\/dosificador-de-jabon-apto-para-gel-hibroalcoholico-abs-plata-plastico-abs-plata-efecto-inox-225-x-130-x-95-mm-3824211-material-acabado-medidas-caracteristicas-0-2820-e-cantidad-preci\/","title":{"rendered":"DOSIFICADOR DE JAB\u00d3N APTO PARA GEL HIBROALCOH\u00d3LICO"},"content":{"rendered":"<p>3824211 &#8211; DOSIFICADOR DE JAB\u00d3N APTO PARA GEL HIBROALCOH\u00d3LICO. ABS PLATA<\/p>\n<p>PL\u00c1STICO ABS<\/p>\n<p>PLATA \u00bbEFECTO INOX\u00bb<\/p>\n<p>225 X 130 X 95 MM.<\/p>\n<p>1,1 LITROS<\/p>\n","protected":false},"excerpt":{"rendered":"<p>3824211 &#8211; DOSIFICADOR DE JAB\u00d3N APTO PARA GEL HIBROALCOH\u00d3LICO. ABS PLATA<\/p>\n<p>PL\u00c1STICO ABS<\/p>\n<p>PLATA \u00bbEFECTO INOX\u00bb<\/p>\n<p>225 X 130 X 95 MM.<\/p>\n<p>1,1 LITROS<\/p>\n","protected":false},"featured_media":272,"comment_status":"open","ping_status":"closed","template":"","meta":{"_et_pb_use_builder":"","_et_pb_old_content":"","_et_gb_content_width":""},"product_cat":[21,64],"product_tag":[],"class_list":{"0":"post-270","1":"product","2":"type-product","3":"status-publish","4":"has-post-thumbnail","6":"product_cat-accesorios-colectivos","7":"product_cat-dosificadores-jabon","9":"first","10":"instock","11":"taxable","12":"shipping-taxable","13":"purchasable","14":"product-type-simple"},"_links":{"self":[{"href":"https:\/\/equipamientoshrc.com\/tienda\/wp-json\/wp\/v2\/product\/270","targetHints":{"allow":["GET"]}}],"collection":[{"href":"https:\/\/equipamientoshrc.com\/tienda\/wp-json\/wp\/v2\/product"}],"about":[{"href":"https:\/\/equipamientoshrc.com\/tienda\/wp-json\/wp\/v2\/types\/product"}],"replies":[{"embeddable":true,"href":"https:\/\/equipamientoshrc.com\/tienda\/wp-json\/wp\/v2\/comments?post=270"}],"wp:featuredmedia":[{"embeddable":true,"href":"https:\/\/equipamientoshrc.com\/tienda\/wp-json\/wp\/v2\/media\/272"}],"wp:attachment":[{"href":"https:\/\/equipamientoshrc.com\/tienda\/wp-json\/wp\/v2\/media?parent=270"}],"wp:term":[{"taxonomy":"product_cat","embeddable":true,"href":"https:\/\/equipamientoshrc.com\/tienda\/wp-json\/wp\/v2\/product_cat?post=270"},{"taxonomy":"product_tag","embeddable":true,"href":"https:\/\/equipamientoshrc.com\/tienda\/wp-json\/wp\/v2\/product_tag?post=270"}],"curies":[{"name":"wp","href":"https:\/\/api.w.org\/{rel}","templated":true}]}}