{"id":126,"date":"2023-11-07T10:53:21","date_gmt":"2023-11-07T09:53:21","guid":{"rendered":"https:\/\/equipamientoshrc.com\/tienda\/?post_type=product&#038;p=126"},"modified":"2023-11-09T09:44:24","modified_gmt":"2023-11-09T08:44:24","slug":"urinario-mural-alimentacion-vertical-acero-inox-modelo-delta","status":"publish","type":"product","link":"https:\/\/equipamientoshrc.com\/tienda\/urinario-mural-alimentacion-vertical-acero-inox-modelo-delta\/","title":{"rendered":"URINARIO MURAL ALIMENTACI\u00d3N VERTICAL ACERO INOX. MODELO DELTA"},"content":{"rendered":"<p>134170 &#8211; URINARIO MURAL ALIMENTACI\u00d3N VERTICAL ACERO INOX. MODELO DELTA<br \/>\nUrinario individual mural con dispersor de lavado.<br \/>\nCompatible con todos los bastidores est\u00e1ndares del mercado.<br \/>\nAcero inoxidable 304 bacteriost\u00e1tico. Acabado pulido satinado.<br \/>\nEspesor del acero inoxidable: 1,2 mm.<br \/>\nAlimentaci\u00f3n vertical (visible).<br \/>\nSalida de agua empotrada. Sif\u00f3n oculto.<br \/>\nInstalaci\u00f3n r\u00e1pida y f\u00e1cil: se monta por delante gracias a una<br \/>\nplaca de fijaci\u00f3n de acero inoxidable.<br \/>\nIncluye un sif\u00f3n 1&#8243;1\/2. Incluye elementos de fijaci\u00f3n y tornillos<br \/>\nantirrobo TORX.<br \/>\nMarcado CE. Conforme a la norma Europea EN 13407 para una<br \/>\ndescarga de 2 litros.<br \/>\nPeso: 7,5 kg.<br \/>\nGarant\u00eda 10 a\u00f1os.<\/p>\n","protected":false},"excerpt":{"rendered":"<p>134170 &#8211; URINARIO MURAL ALIMENTACI\u00d3N VERTICAL ACERO INOX. MODELO DELTA<br \/>\nUrinario individual mural con dispersor de lavado.<br \/>\nCompatible con todos los bastidores est\u00e1ndares del mercado.<br \/>\nAcero inoxidable 304 bacteriost\u00e1tico. Acabado pulido satinado.<br \/>\nEspesor del acero inoxidable: 1,2 mm.<br \/>\nAlimentaci\u00f3n vertical (visible).<br \/>\nSalida de agua empotrada. Sif\u00f3n oculto.<br \/>\nInstalaci\u00f3n r\u00e1pida y f\u00e1cil: se monta por delante gracias a una<br \/>\nplaca de fijaci\u00f3n de acero inoxidable.<br \/>\nIncluye un sif\u00f3n 1&#8243;1\/2. Incluye elementos de fijaci\u00f3n y tornillos<br \/>\nantirrobo TORX.<br \/>\nMarcado CE. Conforme a la norma Europea EN 13407 para una<br \/>\ndescarga de 2 litros.<br \/>\nPeso: 7,5 kg.<br \/>\nGarant\u00eda 10 a\u00f1os.<\/p>\n","protected":false},"featured_media":128,"comment_status":"open","ping_status":"closed","template":"","meta":{"_et_pb_use_builder":"","_et_pb_old_content":"","_et_gb_content_width":""},"product_cat":[18,55],"product_tag":[],"class_list":{"0":"post-126","1":"product","2":"type-product","3":"status-publish","4":"has-post-thumbnail","6":"product_cat-aparatos-sanitarios","7":"product_cat-urinarios-inox","9":"first","10":"instock","11":"taxable","12":"shipping-taxable","13":"purchasable","14":"product-type-simple"},"_links":{"self":[{"href":"https:\/\/equipamientoshrc.com\/tienda\/wp-json\/wp\/v2\/product\/126","targetHints":{"allow":["GET"]}}],"collection":[{"href":"https:\/\/equipamientoshrc.com\/tienda\/wp-json\/wp\/v2\/product"}],"about":[{"href":"https:\/\/equipamientoshrc.com\/tienda\/wp-json\/wp\/v2\/types\/product"}],"replies":[{"embeddable":true,"href":"https:\/\/equipamientoshrc.com\/tienda\/wp-json\/wp\/v2\/comments?post=126"}],"wp:featuredmedia":[{"embeddable":true,"href":"https:\/\/equipamientoshrc.com\/tienda\/wp-json\/wp\/v2\/media\/128"}],"wp:attachment":[{"href":"https:\/\/equipamientoshrc.com\/tienda\/wp-json\/wp\/v2\/media?parent=126"}],"wp:term":[{"taxonomy":"product_cat","embeddable":true,"href":"https:\/\/equipamientoshrc.com\/tienda\/wp-json\/wp\/v2\/product_cat?post=126"},{"taxonomy":"product_tag","embeddable":true,"href":"https:\/\/equipamientoshrc.com\/tienda\/wp-json\/wp\/v2\/product_tag?post=126"}],"curies":[{"name":"wp","href":"https:\/\/api.w.org\/{rel}","templated":true}]}}